{"id":6534,"date":"2024-10-23T12:14:39","date_gmt":"2024-10-23T12:14:39","guid":{"rendered":"https:\/\/dev.marcosinacio.adv.br\/data-protection-officers-dpos\/"},"modified":"2024-10-23T12:14:39","modified_gmt":"2024-10-23T12:14:39","slug":"data-protection-officers-dpos","status":"publish","type":"page","link":"https:\/\/www.marcosinacio.adv.br\/en\/data-protection-officers-dpos\/","title":{"rendered":"Data Protection Officers &#8211; DPOs"},"content":{"rendered":"<h4><strong>Data Protection Officers &#8211; DPOs<\/strong><\/h4>\n<p>Marcos In\u00e1cio website<\/p>\n<p><strong>Nath\u00e1lia Guerra de Sousa<br \/>\n<\/strong><\/p>\n<p>E-mail: dpo@marcosinacio.adv.br<\/p>\n","protected":false},"excerpt":{"rendered":"<p>Data Protection Officers &#8211; DPOs Marcos In\u00e1cio website Nath\u00e1lia Guerra de Sousa E-mail: dpo@marcosinacio.adv.br<\/p>\n","protected":false},"author":2,"featured_media":0,"parent":0,"menu_order":0,"comment_status":"closed","ping_status":"closed","template":"pages\/page-politica-privacidade.php","meta":{"footnotes":""},"class_list":["post-6534","page","type-page","status-publish","hentry"],"acf":[],"yoast_head":"<!-- This site is optimized with the Yoast SEO plugin v26.9 - https:\/\/yoast.com\/product\/yoast-seo-wordpress\/ -->\n<title>Data Protection Officers - DPOs - Marcos In\u00e1cio<\/title>\n<meta name=\"robots\" content=\"index, follow, max-snippet:-1, max-image-preview:large, max-video-preview:-1\" \/>\n<link rel=\"canonical\" href=\"https:\/\/www.marcosinacio.adv.br\/encarregados-de-protecao-de-dados-dpo\/\" \/>\n<meta property=\"og:locale\" content=\"en_US\" \/>\n<meta property=\"og:type\" content=\"article\" \/>\n<meta property=\"og:title\" content=\"Data Protection Officers - DPOs - Marcos In\u00e1cio\" \/>\n<meta property=\"og:description\" content=\"Data Protection Officers &#8211; DPOs Marcos In\u00e1cio website Nath\u00e1lia Guerra de Sousa E-mail: dpo@marcosinacio.adv.br\" \/>\n<meta property=\"og:url\" content=\"https:\/\/www.marcosinacio.adv.br\/encarregados-de-protecao-de-dados-dpo\/\" \/>\n<meta property=\"og:site_name\" content=\"Marcos In\u00e1cio\" \/>\n<meta name=\"twitter:card\" content=\"summary_large_image\" \/>\n<script type=\"application\/ld+json\" class=\"yoast-schema-graph\">{\"@context\":\"https:\/\/schema.org\",\"@graph\":[{\"@type\":\"WebPage\",\"@id\":\"https:\/\/www.marcosinacio.adv.br\/encarregados-de-protecao-de-dados-dpo\/\",\"url\":\"https:\/\/www.marcosinacio.adv.br\/encarregados-de-protecao-de-dados-dpo\/\",\"name\":\"Data Protection Officers - DPOs - Marcos In\u00e1cio\",\"isPartOf\":{\"@id\":\"https:\/\/www.marcosinacio.adv.br\/#website\"},\"datePublished\":\"2024-10-23T12:14:39+00:00\",\"breadcrumb\":{\"@id\":\"https:\/\/www.marcosinacio.adv.br\/encarregados-de-protecao-de-dados-dpo\/#breadcrumb\"},\"inLanguage\":\"en-US\",\"potentialAction\":[{\"@type\":\"ReadAction\",\"target\":[\"https:\/\/www.marcosinacio.adv.br\/encarregados-de-protecao-de-dados-dpo\/\"]}]},{\"@type\":\"BreadcrumbList\",\"@id\":\"https:\/\/www.marcosinacio.adv.br\/encarregados-de-protecao-de-dados-dpo\/#breadcrumb\",\"itemListElement\":[{\"@type\":\"ListItem\",\"position\":1,\"name\":\"In\u00edcio\",\"item\":\"https:\/\/www.marcosinacio.adv.br\/en\/\"},{\"@type\":\"ListItem\",\"position\":2,\"name\":\"Data Protection Officers &#8211; DPOs\"}]},{\"@type\":\"WebSite\",\"@id\":\"https:\/\/www.marcosinacio.adv.br\/#website\",\"url\":\"https:\/\/www.marcosinacio.adv.br\/\",\"name\":\"Marcos In\u00e1cio\",\"description\":\"\",\"potentialAction\":[{\"@type\":\"SearchAction\",\"target\":{\"@type\":\"EntryPoint\",\"urlTemplate\":\"https:\/\/www.marcosinacio.adv.br\/?s={search_term_string}\"},\"query-input\":{\"@type\":\"PropertyValueSpecification\",\"valueRequired\":true,\"valueName\":\"search_term_string\"}}],\"inLanguage\":\"en-US\"}]}<\/script>\n<!-- \/ Yoast SEO plugin. -->","yoast_head_json":{"title":"Data Protection Officers - DPOs - Marcos In\u00e1cio","robots":{"index":"index","follow":"follow","max-snippet":"max-snippet:-1","max-image-preview":"max-image-preview:large","max-video-preview":"max-video-preview:-1"},"canonical":"https:\/\/www.marcosinacio.adv.br\/encarregados-de-protecao-de-dados-dpo\/","og_locale":"en_US","og_type":"article","og_title":"Data Protection Officers - DPOs - Marcos In\u00e1cio","og_description":"Data Protection Officers &#8211; DPOs Marcos In\u00e1cio website Nath\u00e1lia Guerra de Sousa E-mail: dpo@marcosinacio.adv.br","og_url":"https:\/\/www.marcosinacio.adv.br\/encarregados-de-protecao-de-dados-dpo\/","og_site_name":"Marcos In\u00e1cio","twitter_card":"summary_large_image","schema":{"@context":"https:\/\/schema.org","@graph":[{"@type":"WebPage","@id":"https:\/\/www.marcosinacio.adv.br\/encarregados-de-protecao-de-dados-dpo\/","url":"https:\/\/www.marcosinacio.adv.br\/encarregados-de-protecao-de-dados-dpo\/","name":"Data Protection Officers - DPOs - Marcos In\u00e1cio","isPartOf":{"@id":"https:\/\/www.marcosinacio.adv.br\/#website"},"datePublished":"2024-10-23T12:14:39+00:00","breadcrumb":{"@id":"https:\/\/www.marcosinacio.adv.br\/encarregados-de-protecao-de-dados-dpo\/#breadcrumb"},"inLanguage":"en-US","potentialAction":[{"@type":"ReadAction","target":["https:\/\/www.marcosinacio.adv.br\/encarregados-de-protecao-de-dados-dpo\/"]}]},{"@type":"BreadcrumbList","@id":"https:\/\/www.marcosinacio.adv.br\/encarregados-de-protecao-de-dados-dpo\/#breadcrumb","itemListElement":[{"@type":"ListItem","position":1,"name":"In\u00edcio","item":"https:\/\/www.marcosinacio.adv.br\/en\/"},{"@type":"ListItem","position":2,"name":"Data Protection Officers &#8211; DPOs"}]},{"@type":"WebSite","@id":"https:\/\/www.marcosinacio.adv.br\/#website","url":"https:\/\/www.marcosinacio.adv.br\/","name":"Marcos In\u00e1cio","description":"","potentialAction":[{"@type":"SearchAction","target":{"@type":"EntryPoint","urlTemplate":"https:\/\/www.marcosinacio.adv.br\/?s={search_term_string}"},"query-input":{"@type":"PropertyValueSpecification","valueRequired":true,"valueName":"search_term_string"}}],"inLanguage":"en-US"}]}},"_links":{"self":[{"href":"https:\/\/www.marcosinacio.adv.br\/en\/wp-json\/wp\/v2\/pages\/6534","targetHints":{"allow":["GET"]}}],"collection":[{"href":"https:\/\/www.marcosinacio.adv.br\/en\/wp-json\/wp\/v2\/pages"}],"about":[{"href":"https:\/\/www.marcosinacio.adv.br\/en\/wp-json\/wp\/v2\/types\/page"}],"author":[{"embeddable":true,"href":"https:\/\/www.marcosinacio.adv.br\/en\/wp-json\/wp\/v2\/users\/2"}],"replies":[{"embeddable":true,"href":"https:\/\/www.marcosinacio.adv.br\/en\/wp-json\/wp\/v2\/comments?post=6534"}],"version-history":[{"count":0,"href":"https:\/\/www.marcosinacio.adv.br\/en\/wp-json\/wp\/v2\/pages\/6534\/revisions"}],"wp:attachment":[{"href":"https:\/\/www.marcosinacio.adv.br\/en\/wp-json\/wp\/v2\/media?parent=6534"}],"curies":[{"name":"wp","href":"https:\/\/api.w.org\/{rel}","templated":true}]}}