{"id":6535,"date":"2024-10-23T12:13:42","date_gmt":"2024-10-23T12:13:42","guid":{"rendered":"https:\/\/dev.marcosinacio.adv.br\/terms-of-use\/"},"modified":"2024-10-23T12:13:42","modified_gmt":"2024-10-23T12:13:42","slug":"terms-of-use","status":"publish","type":"page","link":"https:\/\/www.marcosinacio.adv.br\/en\/terms-of-use\/","title":{"rendered":"Terms of use"},"content":{"rendered":"<p>Marcos In\u00e1cio website<\/p>\n<p>&nbsp;<\/p>\n<p>Welcome! Thank you for using www.marcosinacio.adv.br! <\/p>\n<p>&nbsp;<\/p>\n<p>This application and its contents are controlled and operated by Marcos In\u00e1cio Advocacia. The purpose of these Terms of Use is to define the rules to be followed when using the Site www.marcosinacio.adv.br (&#8220;Terms of Use&#8221;), without prejudice to the application of current legislation.<\/p>\n<p><strong>BY USING THE WWW.MARCOSINACIO.ADV.BR WEBSITE, YOU AUTOMATICALLY AGREE TO THESE TERMS OF USE AND ARE FULLY RESPONSIBLE FOR ANY AND ALL ACTS PERFORMED BY YOU ON THE WWW.MARCOSINACIO.ADV.BR WEBSITE OR RELATED SERVICES. IF YOU DO NOT AGREE WITH ANY OF THE TERMS AND CONDITIONS SET OUT BELOW, YOU MUST NOT USE THE WWW.MARCOSINACIO.ADV.BR WEBSITE. YOU ALSO AGREE TO THE TERMS DESCRIBED IN OUR PRIVACY POLICY.  <\/strong><\/p>\n<p>If you would like to give us any feedback on www.marcosinacio.adv.br, have any questions or need to deal with any matter relating to these Terms of Use, please contact us at dpo@localhost.<\/p>\n<p>&nbsp;<\/p>\n<h4><strong>WHAT IS WWW.MARCOSINACIO.ADV.BR?<\/strong><\/h4>\n<p>1.1. <strong>Servi\u00e7os<\/strong>. O Site www.marcosinacio.adv.br \u00e9 uma plataforma que oferece os seguintes servi\u00e7os: Informa\u00e7\u00f5es sobre o escrit\u00f3rio Marcos In\u00e1cio Advocacia; Postagens com conte\u00fado jur\u00eddico; Not\u00edcias; Intera\u00e7\u00e3o com as redes sociais; Inscri\u00e7\u00e3o em Newsletter; Localiza\u00e7\u00e3o de todas as unidades do escrit\u00f3rio; 1.2. <strong>Suspens\u00e3o<\/strong>. N\u00f3s nos reservamos o direito de suspender ou cancelar, a qualquer momento, o seu acesso \u00e0 aplica\u00e7\u00e3o em caso de suspeita de fraude, obten\u00e7\u00e3o de beneficio ou vantagem de forma il\u00edcita, ou pelo n\u00e3o cumprimento de quaisquer condi\u00e7\u00f5es previstas nestes Termos de Uso, na Pol\u00edtica de Privacidade ou na legisla\u00e7\u00e3o aplic\u00e1vel.  <\/p>\n<p>&nbsp;<\/p>\n<h4><strong>HOW DO I ACCESS WWW.MARCOSINACIO.ADV.BR?<\/strong><\/h4>\n<p>2.1. <strong>Idade de Utiliza\u00e7\u00e3o<\/strong>. Para utilizar o site www.marcosinacio.adv.br, n\u00e3o h\u00e1 idade m\u00ednima permitida, mas o cadastramento em nosso site por crian\u00e7as ou menores de idade sem o consentimento dos respons\u00e1veis legais, caso identificados, ser\u00e3o exclu\u00eddos imediatamente. 2.2. <strong>Para acessar<\/strong>. A partir de um navegador de internet, voc\u00ea poder\u00e1 ter acesso ao conte\u00fado disponibilizado e localiza\u00e7\u00e3o das unidades do controlador.  <\/p>\n<p>&nbsp;<\/p>\n<p><strong>INTELLECTUAL PROPERTY OVER THE SOFTWARE AND MATERIALS MADE AVAILABLE<\/strong><\/p>\n<p>3.1 <strong>Intellectual property<\/strong>. For us at Marcos In\u00e1cio Advocacia, the quality of the materials made available to the user is of paramount importance. Their creation is the result of hard work and dedication on the part of our developers. For this reason, we reaffirm that www.marcosinacio.adv.br guarantees all rights, title and interest (including, but not limited to, copyright, trademark and other intellectual property rights) in and to the service provided by MARCOS IN\u00c1CIO ADVOCACIA. 3.2. <strong>Non-acquisition of Rights<\/strong>. The user shall not acquire any ownership rights over the services and contents of the www.marcosinacio.adv.br website, except where expressly granted in these Terms of Use. 3.3. <strong>Downloading Content<\/strong>. Users are prohibited from downloading our content in order to store it in a database and offer it to third parties other than the user. It is also forbidden for the content made available by us to be used to create a database or service that could compete in any way with our business.   <\/p>\n<p>&nbsp;<\/p>\n<h4><strong>RESPONSIBILITIES OF THE USER AND THE WEBSITE WWW.MARCOSINACIO.ADV.BR<\/strong><\/h4>\n<p>4.1. <strong>Responsabilidade pelo Uso<\/strong>. Voc\u00ea \u00e9 exclusivamente respons\u00e1vel pelo uso do Site www.marcosinacio.adv.br e dever\u00e1 respeitar as regras deste Termo de Uso, bem como a legisla\u00e7\u00e3o aplic\u00e1vel ao Site www.marcosinacio.adv.br. 4.2.   <\/p>\n<p> <strong>Non-Responsibility.<\/strong> <strong>IN VIEW OF THE INHERENT CHARACTERISTICS OF THE INTERNET ENVIRONMENT, WWW.MARCOSINACIO.ADV.BR IS NOT RESPONSIBLE FOR INTERRUPTIONS OR SUSPENSIONS OF CONNECTION, INCOMPLETE OR FAILED COMPUTER TRANSMISSIONS, AS WELL AS TECHNICAL FAILURES OF ANY KIND, INCLUDING, BUT NOT LIMITED TO, THE ELECTRONIC MALFUNCTION OF ANY NETWORK, HARDWARE OR SOFTWARE. THE UNAVAILABILITY OF ACCESS TO THE INTERNET OR TO THE WWW.MARCOSINACIO.ADV.BR SITE, AS WELL AS ANY INCORRECT OR INCOMPLETE INFORMATION ON THE WWW.MARCOSINACIO.ADV.BR SITE AND ANY HUMAN, TECHNICAL OR OTHER FAILURE IN THE PROCESSING OF INFORMATION ON THE WWW.MARCOSINACIO.ADV.BR SITE SHALL NOT BE CONSIDERED THE RESPONSIBILITY OF THE WWW.MARCOSINACIO.ADV.BR SITE. <\/strong><\/p>\n<p>4.3 <strong>Maintenance<\/strong>. It is your sole responsibility to keep the environment of your device (computer, cell phone, tablet, among others) secure, using available tools such as antivirus, firewall, among others, in order to help prevent electronic risks. 4.4. <strong>External links<\/strong>. The www.marcosinacio.adv.br website may contain links to third-party websites and applications, as well as integrated technologies. This in no way implies that www.marcosinacio.adv.br endorses, verifies, guarantees or has any connection with the owners of these sites or applications, and is not responsible for their content, accuracy, policies, practices or opinions. www.marcosinacio.adv.br recommends that you read the terms of use and privacy policies of each third-party website or service that you visit or use. <\/p>\n<p>&nbsp;<\/p>\n<h4><strong>HOW DOES WWW.MARCOSINACIO.ADV.BR DEAL WITH THE CONTENT YOU AND OTHER USERS PRODUCE?<\/strong><\/h4>\n<p>5.1. <strong>Cria\u00e7\u00e3o de Conte\u00fado<\/strong>. O site www.marcosinacio.adv.br, a seu exclusivo crit\u00e9rio, n\u00e3o permitir\u00e1 que voc\u00ea ou qualquer outro usu\u00e1rio apresente, carregue, publique ou disponibilize, na aplica\u00e7\u00e3o, conte\u00fado ou informa\u00e7\u00f5es de texto, imagem, \u00e1udio ou v\u00eddeo.  <\/p>\n<p>&nbsp;<\/p>\n<h4><strong>WHAT ELSE DO I NEED TO KNOW ABOUT THIS TERM OF USE?<\/strong><\/h4>\n<p>6.1. A<strong>ltera\u00e7\u00f5es<\/strong>. Para melhorar sua experi\u00eancia, O Site www.marcosinacio.adv.br est\u00e1 sempre sendo atualizado. Por esse motivo, estes Termos de Uso podem ser alterados, a qualquer tempo, a fim de refletir os ajustes realizados. No entanto, sempre que ocorrer qualquer modifica\u00e7\u00e3o, voc\u00ea ser\u00e1 previamente informando por um aviso em destaque na aplica\u00e7\u00e3o. Caso voc\u00ea n\u00e3o concorde com os novos Termos de Uso, voc\u00ea poder\u00e1 rejeit\u00e1-los, mas, infelizmente, isso significa que voc\u00ea n\u00e3o poder\u00e1 mais ter acesso e fazer uso do site www.marcosinacio.adv.br. 6.2. <strong>Conflito entre Disposi\u00e7\u00f5es<\/strong>. Em caso de conflito entre estes termos e os termos modificados, os termos posteriores prevalecer\u00e3o com rela\u00e7\u00e3o a esse conflito. 6.3. <strong>Lei e Foro<\/strong>. Estes Termos de Uso s\u00e3o regidos pelas leis da Rep\u00fablica Federativa do Brasil. Quaisquer d\u00favidas e situa\u00e7\u00f5es n\u00e3o previstas nestes Termos de Uso ser\u00e3o primeiramente resolvidas pelo Site www.marcosinacio.adv.br e, caso persistam, dever\u00e3o ser solucionadas pelo Foro da Comarca de Jo\u00e3o Pessoa, Para\u00edba, com exclus\u00e3o de qualquer outro, por mais privilegiado que seja ou venha a ser. 6.4. <strong>D\u00favidas<\/strong>. Caso voc\u00ea tenha alguma d\u00favida, coment\u00e1rio ou sugest\u00e3o, por favor, entre em contato conosco por meio do e-mail dpo@localhost.     <\/p>\n","protected":false},"excerpt":{"rendered":"<p>Marcos In\u00e1cio website &nbsp; Welcome! Thank you for using www.marcosinacio.adv.br! &nbsp; This application and its contents are controlled and operated by Marcos In\u00e1cio Advocacia. The purpose of these Terms of Use is to define the rules to be followed when using the Site www.marcosinacio.adv.br&hellip;<\/p>\n","protected":false},"author":2,"featured_media":0,"parent":0,"menu_order":0,"comment_status":"closed","ping_status":"closed","template":"pages\/page-politica-privacidade.php","meta":{"footnotes":""},"class_list":["post-6535","page","type-page","status-publish","hentry"],"acf":[],"yoast_head":"<!-- This site is optimized with the Yoast SEO plugin v27.5 - https:\/\/yoast.com\/product\/yoast-seo-wordpress\/ -->\n<title>Terms of use - Marcos In\u00e1cio<\/title>\n<meta name=\"robots\" content=\"index, follow, max-snippet:-1, max-image-preview:large, max-video-preview:-1\" \/>\n<link rel=\"canonical\" href=\"https:\/\/www.marcosinacio.adv.br\/termos-de-uso\/\" \/>\n<meta property=\"og:locale\" content=\"en_US\" \/>\n<meta property=\"og:type\" content=\"article\" \/>\n<meta property=\"og:title\" content=\"Terms of use - Marcos In\u00e1cio\" \/>\n<meta property=\"og:description\" content=\"Marcos In\u00e1cio website &nbsp; Welcome! Thank you for using www.marcosinacio.adv.br! &nbsp; This application and its contents are controlled and operated by Marcos In\u00e1cio Advocacia. The purpose of these Terms of Use is to define the rules to be followed when using the Site www.marcosinacio.adv.br&hellip;\" \/>\n<meta property=\"og:url\" content=\"https:\/\/www.marcosinacio.adv.br\/termos-de-uso\/\" \/>\n<meta property=\"og:site_name\" content=\"Marcos In\u00e1cio\" \/>\n<meta name=\"twitter:card\" content=\"summary_large_image\" \/>\n<meta name=\"twitter:label1\" content=\"Est. reading time\" \/>\n\t<meta name=\"twitter:data1\" content=\"6 minutes\" \/>\n<script type=\"application\/ld+json\" class=\"yoast-schema-graph\">{\"@context\":\"https:\\\/\\\/schema.org\",\"@graph\":[{\"@type\":\"WebPage\",\"@id\":\"https:\\\/\\\/www.marcosinacio.adv.br\\\/termos-de-uso\\\/\",\"url\":\"https:\\\/\\\/www.marcosinacio.adv.br\\\/termos-de-uso\\\/\",\"name\":\"Terms of use - Marcos In\u00e1cio\",\"isPartOf\":{\"@id\":\"https:\\\/\\\/www.marcosinacio.adv.br\\\/#website\"},\"datePublished\":\"2024-10-23T12:13:42+00:00\",\"breadcrumb\":{\"@id\":\"https:\\\/\\\/www.marcosinacio.adv.br\\\/termos-de-uso\\\/#breadcrumb\"},\"inLanguage\":\"en-US\",\"potentialAction\":[{\"@type\":\"ReadAction\",\"target\":[\"https:\\\/\\\/www.marcosinacio.adv.br\\\/termos-de-uso\\\/\"]}]},{\"@type\":\"BreadcrumbList\",\"@id\":\"https:\\\/\\\/www.marcosinacio.adv.br\\\/termos-de-uso\\\/#breadcrumb\",\"itemListElement\":[{\"@type\":\"ListItem\",\"position\":1,\"name\":\"In\u00edcio\",\"item\":\"https:\\\/\\\/www.marcosinacio.adv.br\\\/en\\\/\"},{\"@type\":\"ListItem\",\"position\":2,\"name\":\"Terms of use\"}]},{\"@type\":\"WebSite\",\"@id\":\"https:\\\/\\\/www.marcosinacio.adv.br\\\/#website\",\"url\":\"https:\\\/\\\/www.marcosinacio.adv.br\\\/\",\"name\":\"Marcos In\u00e1cio\",\"description\":\"\",\"potentialAction\":[{\"@type\":\"SearchAction\",\"target\":{\"@type\":\"EntryPoint\",\"urlTemplate\":\"https:\\\/\\\/www.marcosinacio.adv.br\\\/?s={search_term_string}\"},\"query-input\":{\"@type\":\"PropertyValueSpecification\",\"valueRequired\":true,\"valueName\":\"search_term_string\"}}],\"inLanguage\":\"en-US\"}]}<\/script>\n<!-- \/ Yoast SEO plugin. -->","yoast_head_json":{"title":"Terms of use - Marcos In\u00e1cio","robots":{"index":"index","follow":"follow","max-snippet":"max-snippet:-1","max-image-preview":"max-image-preview:large","max-video-preview":"max-video-preview:-1"},"canonical":"https:\/\/www.marcosinacio.adv.br\/termos-de-uso\/","og_locale":"en_US","og_type":"article","og_title":"Terms of use - Marcos In\u00e1cio","og_description":"Marcos In\u00e1cio website &nbsp; Welcome! Thank you for using www.marcosinacio.adv.br! &nbsp; This application and its contents are controlled and operated by Marcos In\u00e1cio Advocacia. The purpose of these Terms of Use is to define the rules to be followed when using the Site www.marcosinacio.adv.br&hellip;","og_url":"https:\/\/www.marcosinacio.adv.br\/termos-de-uso\/","og_site_name":"Marcos In\u00e1cio","twitter_card":"summary_large_image","twitter_misc":{"Est. reading time":"6 minutes"},"schema":{"@context":"https:\/\/schema.org","@graph":[{"@type":"WebPage","@id":"https:\/\/www.marcosinacio.adv.br\/termos-de-uso\/","url":"https:\/\/www.marcosinacio.adv.br\/termos-de-uso\/","name":"Terms of use - Marcos In\u00e1cio","isPartOf":{"@id":"https:\/\/www.marcosinacio.adv.br\/#website"},"datePublished":"2024-10-23T12:13:42+00:00","breadcrumb":{"@id":"https:\/\/www.marcosinacio.adv.br\/termos-de-uso\/#breadcrumb"},"inLanguage":"en-US","potentialAction":[{"@type":"ReadAction","target":["https:\/\/www.marcosinacio.adv.br\/termos-de-uso\/"]}]},{"@type":"BreadcrumbList","@id":"https:\/\/www.marcosinacio.adv.br\/termos-de-uso\/#breadcrumb","itemListElement":[{"@type":"ListItem","position":1,"name":"In\u00edcio","item":"https:\/\/www.marcosinacio.adv.br\/en\/"},{"@type":"ListItem","position":2,"name":"Terms of use"}]},{"@type":"WebSite","@id":"https:\/\/www.marcosinacio.adv.br\/#website","url":"https:\/\/www.marcosinacio.adv.br\/","name":"Marcos In\u00e1cio","description":"","potentialAction":[{"@type":"SearchAction","target":{"@type":"EntryPoint","urlTemplate":"https:\/\/www.marcosinacio.adv.br\/?s={search_term_string}"},"query-input":{"@type":"PropertyValueSpecification","valueRequired":true,"valueName":"search_term_string"}}],"inLanguage":"en-US"}]}},"_links":{"self":[{"href":"https:\/\/www.marcosinacio.adv.br\/en\/wp-json\/wp\/v2\/pages\/6535","targetHints":{"allow":["GET"]}}],"collection":[{"href":"https:\/\/www.marcosinacio.adv.br\/en\/wp-json\/wp\/v2\/pages"}],"about":[{"href":"https:\/\/www.marcosinacio.adv.br\/en\/wp-json\/wp\/v2\/types\/page"}],"author":[{"embeddable":true,"href":"https:\/\/www.marcosinacio.adv.br\/en\/wp-json\/wp\/v2\/users\/2"}],"replies":[{"embeddable":true,"href":"https:\/\/www.marcosinacio.adv.br\/en\/wp-json\/wp\/v2\/comments?post=6535"}],"version-history":[{"count":0,"href":"https:\/\/www.marcosinacio.adv.br\/en\/wp-json\/wp\/v2\/pages\/6535\/revisions"}],"wp:attachment":[{"href":"https:\/\/www.marcosinacio.adv.br\/en\/wp-json\/wp\/v2\/media?parent=6535"}],"curies":[{"name":"wp","href":"https:\/\/api.w.org\/{rel}","templated":true}]}}